{"id":292,"date":"2020-05-30T21:30:51","date_gmt":"2020-05-30T21:30:51","guid":{"rendered":"http:\/\/box2225.temp.domains\/~weecookf\/?page_id=292"},"modified":"2024-11-07T13:19:03","modified_gmt":"2024-11-07T12:19:03","slug":"sushi-thai-wok","status":"publish","type":"page","link":"https:\/\/weecook.fr\/","title":{"rendered":"Page d&#8217;acceuil"},"content":{"rendered":"<p>[vc_row box_padding=&#8221;padding-100&#8243; extra_css=&#8221;welcome-block&#8221;][vc_column offset=&#8221;vc_col-md-7&#8243;][vc_column_text][\/vc_column_text]<img fetchpriority=\"high\" decoding=\"async\" class=\"aligncenter wp-image-1251\" src=\"https:\/\/i0.wp.com\/weecook.fr\/wp-content\/uploads\/2022\/01\/Compo1.jpg?resize=533%2C300&#038;ssl=1\" alt=\"\" width=\"533\" height=\"300\" srcset=\"https:\/\/i0.wp.com\/weecook.fr\/wp-content\/uploads\/2022\/01\/Compo1.jpg?resize=1024%2C576&amp;ssl=1 1024w, https:\/\/i0.wp.com\/weecook.fr\/wp-content\/uploads\/2022\/01\/Compo1.jpg?resize=300%2C169&amp;ssl=1 300w, https:\/\/i0.wp.com\/weecook.fr\/wp-content\/uploads\/2022\/01\/Compo1.jpg?resize=768%2C432&amp;ssl=1 768w, https:\/\/i0.wp.com\/weecook.fr\/wp-content\/uploads\/2022\/01\/Compo1.jpg?resize=200%2C113&amp;ssl=1 200w, https:\/\/i0.wp.com\/weecook.fr\/wp-content\/uploads\/2022\/01\/Compo1.jpg?resize=600%2C338&amp;ssl=1 600w, https:\/\/i0.wp.com\/weecook.fr\/wp-content\/uploads\/2022\/01\/Compo1.jpg?w=1280&amp;ssl=1 1280w\" sizes=\"(max-width: 533px) 100vw, 533px\" data-recalc-dims=\"1\" \/>[\/vc_column][vc_column text_align=&#8221;text-center&#8221; offset=&#8221;vc_col-md-5&#8243;][vc_add_heading icon_type=&#8221;iconmoon&#8221; icon=&#8221;icon-home-ico&#8221; title=&#8221;Nous cr\u00e9ons de doux souvenirs&#8221; subtitle=&#8221;Bienvenue chez Weecook&#8221;][vc_column_text]Voyager en Tha\u00eflande sans quitter le trottoir\u00a0.<\/p>\n<p><a class=\"btn btn-gold black\" href=\"\/about-us\/\">READ MORE<\/a><\/p>\n<p>[\/vc_column_text][vc_row_inner][vc_column_inner offset=&#8221;vc_hidden-md vc_hidden-sm vc_hidden-xs&#8221;][vc_empty_space height=&#8221;30px&#8221;][\/vc_column_inner][\/vc_row_inner][\/vc_column][\/vc_row][vc_row box_padding=&#8221;padding-100&#8243; theme_color=&#8221;dark&#8221; overlay=&#8221;transparent-bg-3&#8243; extra_css=&#8221;discover&#8221; parallax=&#8221;image&#8221; parallax_image=&#8221;522&#8243;][vc_column text_align=&#8221;text-center&#8221;][vc_column_text]<\/p>\n<h1 style=\"text-align: center;\">ASIAN SPICY FOOD<\/h1>\n<p><a class=\"btn btn-gold white\" href=\"\/shop\/\">D\u00c9COUVRIR PLUS<\/a>[\/vc_column_text][\/vc_column][\/vc_row][vc_row box_padding=&#8221;padding-100&#8243;][vc_column width=&#8221;1\/3&#8243;][vc_overlay_box title=&#8221;AMBIANCE RELAXANTE&#8221; image=&#8221;598&#8243;]Cr\u00e9er de la bonne humeur[\/vc_overlay_box][\/vc_column][vc_column width=&#8221;1\/3&#8243;][vc_overlay_box title=&#8221;Dimanche&#8221; image=&#8221;112&#8243;]Nous ouvrons[\/vc_overlay_box][\/vc_column][vc_column width=&#8221;1\/3&#8243;][vc_overlay_box title=&#8221;SPICY FOODS&#8221; image=&#8221;763&#8243;]Nous proposons des plats \u00e9pic\u00e9s[\/vc_overlay_box][\/vc_column][\/vc_row][vc_row disable_element=&#8221;yes&#8221; box_padding=&#8221;padding-t-100&#8243;][vc_column extra_css=&#8221;nopadding&#8221;][vc_add_heading icon_type=&#8221;iconmoon&#8221; icon=&#8221;icon-intro&#8221; title=&#8221;APPETIZERS&#8221; subtitle=&#8221;Menu Without Woocommerce&#8221;][vc_column_text]<img decoding=\"async\" class=\"alignnone wp-image-529 size-full\" src=\"\/wp-content\/uploads\/2020\/06\/appetizers.jpg\" alt=\"\" width=\"722\" height=\"500\" srcset=\"https:\/\/i0.wp.com\/weecook.fr\/wp-content\/uploads\/2020\/06\/appetizers.jpg?w=722&amp;ssl=1 722w, https:\/\/i0.wp.com\/weecook.fr\/wp-content\/uploads\/2020\/06\/appetizers.jpg?resize=300%2C208&amp;ssl=1 300w, https:\/\/i0.wp.com\/weecook.fr\/wp-content\/uploads\/2020\/06\/appetizers.jpg?resize=200%2C139&amp;ssl=1 200w, https:\/\/i0.wp.com\/weecook.fr\/wp-content\/uploads\/2020\/06\/appetizers.jpg?resize=600%2C416&amp;ssl=1 600w\" sizes=\"(max-width: 722px) 100vw, 722px\" \/>[\/vc_column_text][vc_empty_space height=&#8221;60px&#8221;][\/vc_column][\/vc_row][vc_row disable_element=&#8221;yes&#8221; box_padding=&#8221;padding-b-80&#8243;][vc_column extra_css=&#8221;nopadding&#8221;][vc_add_heading icon_type=&#8221;iconmoon&#8221; icon=&#8221;icon-intro&#8221; title=&#8221;MEALS&#8221;][vc_column_text]<img decoding=\"async\" class=\"alignnone wp-image-530 size-full\" src=\"\/wp-content\/uploads\/2020\/06\/meals-1.jpg\" alt=\"\" width=\"800\" height=\"600\" srcset=\"https:\/\/i0.wp.com\/weecook.fr\/wp-content\/uploads\/2020\/06\/meals-1.jpg?w=800&amp;ssl=1 800w, https:\/\/i0.wp.com\/weecook.fr\/wp-content\/uploads\/2020\/06\/meals-1.jpg?resize=300%2C225&amp;ssl=1 300w, https:\/\/i0.wp.com\/weecook.fr\/wp-content\/uploads\/2020\/06\/meals-1.jpg?resize=768%2C576&amp;ssl=1 768w, https:\/\/i0.wp.com\/weecook.fr\/wp-content\/uploads\/2020\/06\/meals-1.jpg?resize=200%2C150&amp;ssl=1 200w, https:\/\/i0.wp.com\/weecook.fr\/wp-content\/uploads\/2020\/06\/meals-1.jpg?resize=600%2C450&amp;ssl=1 600w\" sizes=\"(max-width: 800px) 100vw, 800px\" \/>[\/vc_column_text][vc_empty_space height=&#8221;60px&#8221;][\/vc_column][\/vc_row][vc_row box_padding=&#8221;padding-100&#8243; theme_color=&#8221;dark&#8221; overlay=&#8221;transparent-bg-3&#8243; extra_css=&#8221;video&#8221; parallax=&#8221;image&#8221; parallax_image=&#8221;521&#8243;][vc_column extra_css=&#8221;div-absolute&#8221;][vc_single_image extra_css=&#8221;left_bg&#8221; image=&#8221;531&#8243; img_size=&#8221;full&#8221; alignment=&#8221;center&#8221;][vc_single_image extra_css=&#8221;right_bg&#8221; image=&#8221;533&#8243; img_size=&#8221;full&#8221; alignment=&#8221;center&#8221;][vc_single_image extra_css=&#8221;right_bg2&#8243; image=&#8221;532&#8243; img_size=&#8221;full&#8221; alignment=&#8221;center&#8221;][\/vc_column][\/vc_row]<\/p>\n","protected":false},"excerpt":{"rendered":"<p>[vc_row box_padding=&#8221;padding-100&#8243; extra_css=&#8221;welcome-block&#8221;][vc_column offset=&#8221;vc_col-md-7&#8243;][vc_column_text][\/vc_column_text][\/vc_column][vc_column text_align=&#8221;text-center&#8221; offset=&#8221;vc_col-md-5&#8243;][vc_add_heading icon_type=&#8221;iconmoon&#8221; icon=&#8221;icon-home-ico&#8221; title=&#8221;Nous cr\u00e9ons de doux souvenirs&#8221; subtitle=&#8221;Bienvenue chez Weecook&#8221;][vc_column_text]Voyager&#8230;<\/p>\n","protected":false},"author":1,"featured_media":0,"parent":0,"menu_order":0,"comment_status":"closed","ping_status":"closed","template":"page-templates\/page-builder.php","meta":{"om_disable_all_campaigns":false,"_monsterinsights_skip_tracking":false,"_monsterinsights_sitenote_active":false,"_monsterinsights_sitenote_note":"","_monsterinsights_sitenote_category":0,"_uf_show_specific_survey":0,"_uf_disable_surveys":false,"footnotes":""},"class_list":["post-292","page","type-page","status-publish","hentry"],"aioseo_notices":[],"yoast_head":"<!-- This site is optimized with the Yoast SEO plugin v22.2 - https:\/\/yoast.com\/wordpress\/plugins\/seo\/ -->\n<title>WeeCook - restaurant de fusion tha\u00ef &amp; jap - Le meilleur pr\u00e8s de chez vous.<\/title>\n<meta name=\"description\" content=\"WeeCook c&#039;est la rencontre de la gastronomie Tha\u00eflandaise et Japonaise, le plaisir de vous faire d\u00e9couvrir notre univers si unique, dans nos restaurants, en livraison, sur place ou a emporter.\" \/>\n<meta name=\"robots\" content=\"index, follow, max-snippet:-1, max-image-preview:large, max-video-preview:-1\" \/>\n<link rel=\"canonical\" href=\"https:\/\/weecook.fr\/\" \/>\n<meta property=\"og:locale\" content=\"fr_FR\" \/>\n<meta property=\"og:type\" content=\"article\" \/>\n<meta property=\"og:title\" content=\"WeeCook - restaurant de fusion tha\u00ef &amp; jap - Le meilleur pr\u00e8s de chez vous.\" \/>\n<meta property=\"og:description\" content=\"WeeCook c&#039;est la rencontre de la gastronomie Tha\u00eflandaise et Japonaise, le plaisir de vous faire d\u00e9couvrir notre univers si unique, dans nos restaurants, en livraison, sur place ou a emporter.\" \/>\n<meta property=\"og:url\" content=\"https:\/\/weecook.fr\/\" \/>\n<meta property=\"og:site_name\" content=\"weecook\" \/>\n<meta property=\"article:publisher\" content=\"https:\/\/www.facebook.com\/WeeCook2020\" \/>\n<meta property=\"article:modified_time\" content=\"2024-11-07T12:19:03+00:00\" \/>\n<meta property=\"og:image\" content=\"https:\/\/weecook.fr\/wp-content\/uploads\/2022\/01\/Compo1-1024x576.jpg\" \/>\n<meta name=\"twitter:card\" content=\"summary_large_image\" \/>\n<meta name=\"twitter:label1\" content=\"Dur\u00e9e de lecture estim\u00e9e\" \/>\n\t<meta name=\"twitter:data1\" content=\"2 minutes\" \/>\n<script type=\"application\/ld+json\" class=\"yoast-schema-graph\">{\"@context\":\"https:\/\/schema.org\",\"@graph\":[{\"@type\":\"WebPage\",\"@id\":\"https:\/\/weecook.fr\/\",\"url\":\"https:\/\/weecook.fr\/\",\"name\":\"WeeCook - restaurant de fusion tha\u00ef & jap - Le meilleur pr\u00e8s de chez vous.\",\"isPartOf\":{\"@id\":\"https:\/\/weecook.fr\/#website\"},\"primaryImageOfPage\":{\"@id\":\"https:\/\/weecook.fr\/#primaryimage\"},\"image\":{\"@id\":\"https:\/\/weecook.fr\/#primaryimage\"},\"thumbnailUrl\":\"https:\/\/weecook.fr\/wp-content\/uploads\/2022\/01\/Compo1-1024x576.jpg\",\"datePublished\":\"2020-05-30T21:30:51+00:00\",\"dateModified\":\"2024-11-07T12:19:03+00:00\",\"description\":\"WeeCook c'est la rencontre de la gastronomie Tha\u00eflandaise et Japonaise, le plaisir de vous faire d\u00e9couvrir notre univers si unique, dans nos restaurants, en livraison, sur place ou a emporter.\",\"breadcrumb\":{\"@id\":\"https:\/\/weecook.fr\/#breadcrumb\"},\"inLanguage\":\"fr-FR\",\"potentialAction\":[{\"@type\":\"ReadAction\",\"target\":[\"https:\/\/weecook.fr\/\"]}]},{\"@type\":\"ImageObject\",\"inLanguage\":\"fr-FR\",\"@id\":\"https:\/\/weecook.fr\/#primaryimage\",\"url\":\"https:\/\/i0.wp.com\/weecook.fr\/wp-content\/uploads\/2022\/01\/Compo1.jpg?fit=1280%2C720&ssl=1\",\"contentUrl\":\"https:\/\/i0.wp.com\/weecook.fr\/wp-content\/uploads\/2022\/01\/Compo1.jpg?fit=1280%2C720&ssl=1\",\"width\":1280,\"height\":720},{\"@type\":\"BreadcrumbList\",\"@id\":\"https:\/\/weecook.fr\/#breadcrumb\",\"itemListElement\":[{\"@type\":\"ListItem\",\"position\":1,\"name\":\"Home\",\"item\":\"https:\/\/weecook.fr\/\"},{\"@type\":\"ListItem\",\"position\":2,\"name\":\"Page d&#8217;acceuil\"}]},{\"@type\":\"WebSite\",\"@id\":\"https:\/\/weecook.fr\/#website\",\"url\":\"https:\/\/weecook.fr\/\",\"name\":\"weecook\",\"description\":\"real food\",\"potentialAction\":[{\"@type\":\"SearchAction\",\"target\":{\"@type\":\"EntryPoint\",\"urlTemplate\":\"https:\/\/weecook.fr\/?s={search_term_string}\"},\"query-input\":\"required name=search_term_string\"}],\"inLanguage\":\"fr-FR\"}]}<\/script>\n<!-- \/ Yoast SEO plugin. -->","yoast_head_json":{"title":"WeeCook - restaurant de fusion tha\u00ef & jap - Le meilleur pr\u00e8s de chez vous.","description":"WeeCook c'est la rencontre de la gastronomie Tha\u00eflandaise et Japonaise, le plaisir de vous faire d\u00e9couvrir notre univers si unique, dans nos restaurants, en livraison, sur place ou a emporter.","robots":{"index":"index","follow":"follow","max-snippet":"max-snippet:-1","max-image-preview":"max-image-preview:large","max-video-preview":"max-video-preview:-1"},"canonical":"https:\/\/weecook.fr\/","og_locale":"fr_FR","og_type":"article","og_title":"WeeCook - restaurant de fusion tha\u00ef & jap - Le meilleur pr\u00e8s de chez vous.","og_description":"WeeCook c'est la rencontre de la gastronomie Tha\u00eflandaise et Japonaise, le plaisir de vous faire d\u00e9couvrir notre univers si unique, dans nos restaurants, en livraison, sur place ou a emporter.","og_url":"https:\/\/weecook.fr\/","og_site_name":"weecook","article_publisher":"https:\/\/www.facebook.com\/WeeCook2020","article_modified_time":"2024-11-07T12:19:03+00:00","og_image":[{"url":"https:\/\/weecook.fr\/wp-content\/uploads\/2022\/01\/Compo1-1024x576.jpg"}],"twitter_card":"summary_large_image","twitter_misc":{"Dur\u00e9e de lecture estim\u00e9e":"2 minutes"},"schema":{"@context":"https:\/\/schema.org","@graph":[{"@type":"WebPage","@id":"https:\/\/weecook.fr\/","url":"https:\/\/weecook.fr\/","name":"WeeCook - restaurant de fusion tha\u00ef & jap - Le meilleur pr\u00e8s de chez vous.","isPartOf":{"@id":"https:\/\/weecook.fr\/#website"},"primaryImageOfPage":{"@id":"https:\/\/weecook.fr\/#primaryimage"},"image":{"@id":"https:\/\/weecook.fr\/#primaryimage"},"thumbnailUrl":"https:\/\/weecook.fr\/wp-content\/uploads\/2022\/01\/Compo1-1024x576.jpg","datePublished":"2020-05-30T21:30:51+00:00","dateModified":"2024-11-07T12:19:03+00:00","description":"WeeCook c'est la rencontre de la gastronomie Tha\u00eflandaise et Japonaise, le plaisir de vous faire d\u00e9couvrir notre univers si unique, dans nos restaurants, en livraison, sur place ou a emporter.","breadcrumb":{"@id":"https:\/\/weecook.fr\/#breadcrumb"},"inLanguage":"fr-FR","potentialAction":[{"@type":"ReadAction","target":["https:\/\/weecook.fr\/"]}]},{"@type":"ImageObject","inLanguage":"fr-FR","@id":"https:\/\/weecook.fr\/#primaryimage","url":"https:\/\/i0.wp.com\/weecook.fr\/wp-content\/uploads\/2022\/01\/Compo1.jpg?fit=1280%2C720&ssl=1","contentUrl":"https:\/\/i0.wp.com\/weecook.fr\/wp-content\/uploads\/2022\/01\/Compo1.jpg?fit=1280%2C720&ssl=1","width":1280,"height":720},{"@type":"BreadcrumbList","@id":"https:\/\/weecook.fr\/#breadcrumb","itemListElement":[{"@type":"ListItem","position":1,"name":"Home","item":"https:\/\/weecook.fr\/"},{"@type":"ListItem","position":2,"name":"Page d&#8217;acceuil"}]},{"@type":"WebSite","@id":"https:\/\/weecook.fr\/#website","url":"https:\/\/weecook.fr\/","name":"weecook","description":"real food","potentialAction":[{"@type":"SearchAction","target":{"@type":"EntryPoint","urlTemplate":"https:\/\/weecook.fr\/?s={search_term_string}"},"query-input":"required name=search_term_string"}],"inLanguage":"fr-FR"}]}},"jetpack_sharing_enabled":true,"_links":{"self":[{"href":"https:\/\/weecook.fr\/index.php?rest_route=\/wp\/v2\/pages\/292","targetHints":{"allow":["GET"]}}],"collection":[{"href":"https:\/\/weecook.fr\/index.php?rest_route=\/wp\/v2\/pages"}],"about":[{"href":"https:\/\/weecook.fr\/index.php?rest_route=\/wp\/v2\/types\/page"}],"author":[{"embeddable":true,"href":"https:\/\/weecook.fr\/index.php?rest_route=\/wp\/v2\/users\/1"}],"replies":[{"embeddable":true,"href":"https:\/\/weecook.fr\/index.php?rest_route=%2Fwp%2Fv2%2Fcomments&post=292"}],"version-history":[{"count":6,"href":"https:\/\/weecook.fr\/index.php?rest_route=\/wp\/v2\/pages\/292\/revisions"}],"predecessor-version":[{"id":1238,"href":"https:\/\/weecook.fr\/index.php?rest_route=\/wp\/v2\/pages\/292\/revisions\/1238"}],"wp:attachment":[{"href":"https:\/\/weecook.fr\/index.php?rest_route=%2Fwp%2Fv2%2Fmedia&parent=292"}],"curies":[{"name":"wp","href":"https:\/\/api.w.org\/{rel}","templated":true}]}}